{"id":8203,"date":"2024-05-05T13:43:44","date_gmt":"2024-05-05T13:43:44","guid":{"rendered":"https:\/\/om:8890\/?page_id=8203"},"modified":"2024-09-16T13:14:34","modified_gmt":"2024-09-16T13:14:34","slug":"impressum","status":"publish","type":"page","link":"https:\/\/www.ottoundmueller.de\/en\/impressum\/","title":{"rendered":"Imprint"},"content":{"rendered":"<div class=\"gb-container gb-container-aa4e7878\">\n\n<p class=\"gb-headline gb-headline-b5166129 gb-headline-text\">O+M Architekten GmbH\u2028<\/p>\n\n\n\n<p class=\"gb-headline gb-headline-531953d8 gb-headline-text\">Loschwitzer Str. 31<br>01309 Dresden<br><br>Telefon:\u00a0+49 (0) 351 &#8211; 313 900 01\u2028<br>Fax:\u00a0+49 (0) 351 &#8211; 313 900 10<br>E-Mail:\u00a0info@ottoundmueller.de<\/p>\n\n\n\n<p class=\"gb-headline gb-headline-555ae47b gb-headline-text\">Sitz der Gesellschaft<\/p>\n\n\n\n<p class=\"gb-headline gb-headline-fda9f447 gb-headline-text\">Dresden<\/p>\n\n\n\n<p class=\"gb-headline gb-headline-29230da7 gb-headline-text\">Registergericht<br><\/p>\n\n\n\n<p>Amtsgericht Dresden<\/p>\n\n\n\n<p class=\"gb-headline gb-headline-1df5cee3 gb-headline-text\">Registernummer\u2028<\/p>\n\n\n\n<p>HRB 30551<\/p>\n\n\n\n<p class=\"gb-headline gb-headline-e4437497 gb-headline-text\">Steuernummer<\/p>\n\n\n\n<p>202\/115\/04251<\/p>\n\n\n\n<p class=\"gb-headline gb-headline-9f67695a gb-headline-text\">USt.-IdNr\u2028<\/p>\n\n\n\n<p>DE279740854<\/p>\n\n\n\n<p class=\"gb-headline gb-headline-ae6c7cd9 gb-headline-text\">Vertretungsberechtigte<br><\/p>\n\n\n\n<p>Carsten Otto, Gesch\u00e4ftsf\u00fchrer\u2028<br>Christian M\u00fcller, Gesch\u00e4ftsf\u00fchrer<\/p>\n\n\n\n<p class=\"gb-headline gb-headline-9f7a2b2e gb-headline-text\">F\u00fchrung der Berufsbezeichnung Architekt<\/p>\n\n\n\n<p>Herr Dipl.-Ing. Architekt Carsten Otto,\u2028<strong> <\/strong><br>eingetragen in der Liste der Architektenammer Sachsen, Nr. 4238\u2028<br>Herr Dipl.-Ing. Architekt Christian M\u00fcller,\u2028<br>eingetragen in der Liste der Architektenammer Sachsen, Nr. 4235<\/p>\n\n\n\n<p class=\"gb-headline gb-headline-df9d9e69 gb-headline-text\">Streitbeilegungsverfahren<br><\/p>\n\n\n\n<p>Gem\u00e4\u00df \u00a7 36 VSBG weisen wir darauf hin, dass wir nicht an Streitbeilegungsverfahren vor einer Verbraucherschlichtungsstelle teilnehmen.<\/p>\n\n\n\n<p class=\"gb-headline gb-headline-17b12849 gb-headline-text\">Urheber- und Kennzeichnungsrecht<br><\/p>\n\n\n\n<p>Der Autor ist bestrebt, in allen Publikationen die Urheberrechte der verwendeten Grafiken, Ton-Dokumente, Videosequenzen und Texte zu beachten, von ihm selbst erstellte Grafiken, Tondokumente, Videosequenzen und Texte zu nutzen oder auf lizenzfreie Grafiken, Tondokumente, Videosequenzen und Texte zur\u00fcckzugreifen. Alle innerhalb des Internetangebotes genannten und ggf. durch Dritte gesch\u00fctzten Marken- und Warenzeichen unterliegen uneingeschr\u00e4nkt den Bestimmungen des jeweils g\u00fcltigen Kennzeichenrechts und den Besitzrechten der jeweiligen eingetragenen Eigent\u00fcmer. Allein aufgrund der blo\u00dfen Nennung ist nicht der Schluss zu ziehen, dass Markenzeichen nicht durch Rechte Dritter gesch\u00fctzt sind! Das Copyright f\u00fcr ver\u00f6ffentlichte, vom Autor selbst erstellte Objekte bleibt allein beim Autor der Seiten. Eine Vervielf\u00e4ltigung oder Verwendung solcher Grafiken, Tondokumente, Videosequenzen und Texte in anderen elektronischen oder gedruckten Publikationen ist ohne ausdr\u00fcckliche Zustimmung des Autors nicht gestattet.<\/p>\n\n\n\n<p class=\"gb-headline gb-headline-3f50c127 gb-headline-text\">Fotos &nbsp;(ohne Projekte und Wettbewerbe) <br>Christian B\u00f6rner und O+M Architekten\u2028<\/p>\n\n<\/div>","protected":false},"excerpt":{"rendered":"<p>O+M Architekten GmbH\u2028 Loschwitzer Str. 3101309 Dresden Telefon:\u00a0+49 (0) 351 &#8211; 313 900 01\u2028Fax:\u00a0+49 (0) 351 &#8211; 313 900 10E-Mail:\u00a0info@ottoundmueller.de Sitz der Gesellschaft Dresden Registergericht Amtsgericht Dresden Registernummer\u2028 HRB 30551 Steuernummer 202\/115\/04251 USt.-IdNr\u2028 DE279740854 Vertretungsberechtigte Carsten Otto, Gesch\u00e4ftsf\u00fchrer\u2028Christian M\u00fcller, Gesch\u00e4ftsf\u00fchrer F\u00fchrung der Berufsbezeichnung Architekt Herr Dipl.-Ing. Architekt Carsten Otto,\u2028 eingetragen in der Liste der Architektenammer &#8230; <a title=\"Imprint\" class=\"read-more\" href=\"https:\/\/www.ottoundmueller.de\/en\/impressum\/\" aria-label=\"Read more about Impressum\">Read more<\/a><\/p>","protected":false},"author":1,"featured_media":0,"parent":0,"menu_order":7,"comment_status":"closed","ping_status":"closed","template":"","meta":{"_acf_changed":false,"footnotes":""},"class_list":["post-8203","page","type-page","status-publish"],"acf":[],"yoast_head":"<!-- This site is optimized with the Yoast SEO plugin v27.4 - https:\/\/yoast.com\/product\/yoast-seo-wordpress\/ -->\n<title>Impressum - O+M Architekten<\/title>\n<meta name=\"robots\" content=\"index, follow, max-snippet:-1, max-image-preview:large, max-video-preview:-1\" \/>\n<link rel=\"canonical\" href=\"https:\/\/www.ottoundmueller.de\/en\/impressum\/\" \/>\n<meta property=\"og:locale\" content=\"en_GB\" \/>\n<meta property=\"og:type\" content=\"article\" \/>\n<meta property=\"og:title\" content=\"Impressum - O+M Architekten\" \/>\n<meta property=\"og:description\" content=\"O+M Architekten GmbH\u2028 Loschwitzer Str. 3101309 Dresden Telefon:\u00a0+49 (0) 351 &#8211; 313 900 01\u2028Fax:\u00a0+49 (0) 351 &#8211; 313 900 10E-Mail:\u00a0info@ottoundmueller.de Sitz der Gesellschaft Dresden Registergericht Amtsgericht Dresden Registernummer\u2028 HRB 30551 Steuernummer 202\/115\/04251 USt.-IdNr\u2028 DE279740854 Vertretungsberechtigte Carsten Otto, Gesch\u00e4ftsf\u00fchrer\u2028Christian M\u00fcller, Gesch\u00e4ftsf\u00fchrer F\u00fchrung der Berufsbezeichnung Architekt Herr Dipl.-Ing. Architekt Carsten Otto,\u2028 eingetragen in der Liste der Architektenammer ... Read more\" \/>\n<meta property=\"og:url\" content=\"https:\/\/www.ottoundmueller.de\/en\/impressum\/\" \/>\n<meta property=\"og:site_name\" content=\"O+M Architekten\" \/>\n<meta property=\"article:modified_time\" content=\"2024-09-16T13:14:34+00:00\" \/>\n<meta property=\"og:image\" content=\"https:\/\/www.ottoundmueller.de\/wp-content\/uploads\/2024\/06\/OM-Logo-2025.jpg\" \/>\n\t<meta property=\"og:image:width\" content=\"2000\" \/>\n\t<meta property=\"og:image:height\" content=\"911\" \/>\n\t<meta property=\"og:image:type\" content=\"image\/jpeg\" \/>\n<meta name=\"twitter:card\" content=\"summary_large_image\" \/>\n<meta name=\"twitter:label1\" content=\"Estimated reading time\" \/>\n\t<meta name=\"twitter:data1\" content=\"2 minutes\" \/>\n<script type=\"application\/ld+json\" class=\"yoast-schema-graph\">{\"@context\":\"https:\\\/\\\/schema.org\",\"@graph\":[{\"@type\":\"WebPage\",\"@id\":\"https:\\\/\\\/www.ottoundmueller.de\\\/impressum\\\/\",\"url\":\"https:\\\/\\\/www.ottoundmueller.de\\\/impressum\\\/\",\"name\":\"Impressum - O+M Architekten\",\"isPartOf\":{\"@id\":\"https:\\\/\\\/www.ottoundmueller.de\\\/#website\"},\"datePublished\":\"2024-05-05T13:43:44+00:00\",\"dateModified\":\"2024-09-16T13:14:34+00:00\",\"breadcrumb\":{\"@id\":\"https:\\\/\\\/www.ottoundmueller.de\\\/impressum\\\/#breadcrumb\"},\"inLanguage\":\"en-GB\",\"potentialAction\":[{\"@type\":\"ReadAction\",\"target\":[\"https:\\\/\\\/www.ottoundmueller.de\\\/impressum\\\/\"]}]},{\"@type\":\"BreadcrumbList\",\"@id\":\"https:\\\/\\\/www.ottoundmueller.de\\\/impressum\\\/#breadcrumb\",\"itemListElement\":[{\"@type\":\"ListItem\",\"position\":1,\"name\":\"Startseite\",\"item\":\"https:\\\/\\\/www.ottoundmueller.de\\\/\"},{\"@type\":\"ListItem\",\"position\":2,\"name\":\"Impressum\"}]},{\"@type\":\"WebSite\",\"@id\":\"https:\\\/\\\/www.ottoundmueller.de\\\/#website\",\"url\":\"https:\\\/\\\/www.ottoundmueller.de\\\/\",\"name\":\"O+M Architekten\",\"description\":\"Architekturb\u00fcro in Dresden\",\"publisher\":{\"@id\":\"https:\\\/\\\/www.ottoundmueller.de\\\/#organization\"},\"potentialAction\":[{\"@type\":\"SearchAction\",\"target\":{\"@type\":\"EntryPoint\",\"urlTemplate\":\"https:\\\/\\\/www.ottoundmueller.de\\\/?s={search_term_string}\"},\"query-input\":{\"@type\":\"PropertyValueSpecification\",\"valueRequired\":true,\"valueName\":\"search_term_string\"}}],\"inLanguage\":\"en-GB\"},{\"@type\":\"Organization\",\"@id\":\"https:\\\/\\\/www.ottoundmueller.de\\\/#organization\",\"name\":\"O+M Architekten\",\"alternateName\":\"O+M\",\"url\":\"https:\\\/\\\/www.ottoundmueller.de\\\/\",\"logo\":{\"@type\":\"ImageObject\",\"inLanguage\":\"en-GB\",\"@id\":\"https:\\\/\\\/www.ottoundmueller.de\\\/#\\\/schema\\\/logo\\\/image\\\/\",\"url\":\"https:\\\/\\\/www.ottoundmueller.de\\\/wp-content\\\/uploads\\\/2024\\\/06\\\/OM-Logo-2025.jpg\",\"contentUrl\":\"https:\\\/\\\/www.ottoundmueller.de\\\/wp-content\\\/uploads\\\/2024\\\/06\\\/OM-Logo-2025.jpg\",\"width\":2000,\"height\":911,\"caption\":\"O+M Architekten\"},\"image\":{\"@id\":\"https:\\\/\\\/www.ottoundmueller.de\\\/#\\\/schema\\\/logo\\\/image\\\/\"},\"sameAs\":[\"https:\\\/\\\/www.instagram.com\\\/ottoundmueller\\\/\"]}]}<\/script>\n<!-- \/ Yoast SEO plugin. -->","yoast_head_json":{"title":"Impressum - O+M Architekten","robots":{"index":"index","follow":"follow","max-snippet":"max-snippet:-1","max-image-preview":"max-image-preview:large","max-video-preview":"max-video-preview:-1"},"canonical":"https:\/\/www.ottoundmueller.de\/en\/impressum\/","og_locale":"en_GB","og_type":"article","og_title":"Impressum - O+M Architekten","og_description":"O+M Architekten GmbH\u2028 Loschwitzer Str. 3101309 Dresden Telefon:\u00a0+49 (0) 351 &#8211; 313 900 01\u2028Fax:\u00a0+49 (0) 351 &#8211; 313 900 10E-Mail:\u00a0info@ottoundmueller.de Sitz der Gesellschaft Dresden Registergericht Amtsgericht Dresden Registernummer\u2028 HRB 30551 Steuernummer 202\/115\/04251 USt.-IdNr\u2028 DE279740854 Vertretungsberechtigte Carsten Otto, Gesch\u00e4ftsf\u00fchrer\u2028Christian M\u00fcller, Gesch\u00e4ftsf\u00fchrer F\u00fchrung der Berufsbezeichnung Architekt Herr Dipl.-Ing. Architekt Carsten Otto,\u2028 eingetragen in der Liste der Architektenammer ... Read more","og_url":"https:\/\/www.ottoundmueller.de\/en\/impressum\/","og_site_name":"O+M Architekten","article_modified_time":"2024-09-16T13:14:34+00:00","og_image":[{"width":2000,"height":911,"url":"https:\/\/www.ottoundmueller.de\/wp-content\/uploads\/2024\/06\/OM-Logo-2025.jpg","type":"image\/jpeg"}],"twitter_card":"summary_large_image","twitter_misc":{"Estimated reading time":"2 minutes"},"schema":{"@context":"https:\/\/schema.org","@graph":[{"@type":"WebPage","@id":"https:\/\/www.ottoundmueller.de\/impressum\/","url":"https:\/\/www.ottoundmueller.de\/impressum\/","name":"Impressum - O+M Architekten","isPartOf":{"@id":"https:\/\/www.ottoundmueller.de\/#website"},"datePublished":"2024-05-05T13:43:44+00:00","dateModified":"2024-09-16T13:14:34+00:00","breadcrumb":{"@id":"https:\/\/www.ottoundmueller.de\/impressum\/#breadcrumb"},"inLanguage":"en-GB","potentialAction":[{"@type":"ReadAction","target":["https:\/\/www.ottoundmueller.de\/impressum\/"]}]},{"@type":"BreadcrumbList","@id":"https:\/\/www.ottoundmueller.de\/impressum\/#breadcrumb","itemListElement":[{"@type":"ListItem","position":1,"name":"Startseite","item":"https:\/\/www.ottoundmueller.de\/"},{"@type":"ListItem","position":2,"name":"Impressum"}]},{"@type":"WebSite","@id":"https:\/\/www.ottoundmueller.de\/#website","url":"https:\/\/www.ottoundmueller.de\/","name":"O+M Architekten","description":"Architekturb\u00fcro in Dresden","publisher":{"@id":"https:\/\/www.ottoundmueller.de\/#organization"},"potentialAction":[{"@type":"SearchAction","target":{"@type":"EntryPoint","urlTemplate":"https:\/\/www.ottoundmueller.de\/?s={search_term_string}"},"query-input":{"@type":"PropertyValueSpecification","valueRequired":true,"valueName":"search_term_string"}}],"inLanguage":"en-GB"},{"@type":"Organization","@id":"https:\/\/www.ottoundmueller.de\/#organization","name":"O+M Architekten","alternateName":"O+M","url":"https:\/\/www.ottoundmueller.de\/","logo":{"@type":"ImageObject","inLanguage":"en-GB","@id":"https:\/\/www.ottoundmueller.de\/#\/schema\/logo\/image\/","url":"https:\/\/www.ottoundmueller.de\/wp-content\/uploads\/2024\/06\/OM-Logo-2025.jpg","contentUrl":"https:\/\/www.ottoundmueller.de\/wp-content\/uploads\/2024\/06\/OM-Logo-2025.jpg","width":2000,"height":911,"caption":"O+M Architekten"},"image":{"@id":"https:\/\/www.ottoundmueller.de\/#\/schema\/logo\/image\/"},"sameAs":["https:\/\/www.instagram.com\/ottoundmueller\/"]}]}},"_links":{"self":[{"href":"https:\/\/www.ottoundmueller.de\/en\/wp-json\/wp\/v2\/pages\/8203","targetHints":{"allow":["GET"]}}],"collection":[{"href":"https:\/\/www.ottoundmueller.de\/en\/wp-json\/wp\/v2\/pages"}],"about":[{"href":"https:\/\/www.ottoundmueller.de\/en\/wp-json\/wp\/v2\/types\/page"}],"author":[{"embeddable":true,"href":"https:\/\/www.ottoundmueller.de\/en\/wp-json\/wp\/v2\/users\/1"}],"replies":[{"embeddable":true,"href":"https:\/\/www.ottoundmueller.de\/en\/wp-json\/wp\/v2\/comments?post=8203"}],"version-history":[{"count":1,"href":"https:\/\/www.ottoundmueller.de\/en\/wp-json\/wp\/v2\/pages\/8203\/revisions"}],"predecessor-version":[{"id":13500,"href":"https:\/\/www.ottoundmueller.de\/en\/wp-json\/wp\/v2\/pages\/8203\/revisions\/13500"}],"wp:attachment":[{"href":"https:\/\/www.ottoundmueller.de\/en\/wp-json\/wp\/v2\/media?parent=8203"}],"curies":[{"name":"wp","href":"https:\/\/api.w.org\/{rel}","templated":true}]}}