{"id":7581,"date":"2024-03-09T14:17:16","date_gmt":"2024-03-09T14:17:16","guid":{"rendered":"https:\/\/OM:8890\/?page_id=23"},"modified":"2024-08-15T16:29:36","modified_gmt":"2024-08-15T16:29:36","slug":"leistungen","status":"publish","type":"page","link":"https:\/\/www.ottoundmueller.de\/en\/leistungen\/","title":{"rendered":"Services"},"content":{"rendered":"<div class=\"gb-container gb-container-e5244b47\">\n<div class=\"gb-grid-wrapper gb-grid-wrapper-9b58cab4\">\n<div class=\"gb-grid-column gb-grid-column-57f58f58\"><div class=\"gb-container gb-container-57f58f58\">\n\n<figure class=\"gb-block-image gb-block-image-52f55d21\"><img loading=\"lazy\" decoding=\"async\" width=\"2000\" height=\"1500\" class=\"gb-image gb-image-52f55d21\" src=\"https:\/\/www.ottoundmueller.de\/wp-content\/uploads\/2024\/08\/OM-Architekten_Buero_2.jpg\" alt=\"\" title=\"O+M-Architekten_Buero_2\" srcset=\"https:\/\/www.ottoundmueller.de\/wp-content\/uploads\/2024\/08\/OM-Architekten_Buero_2.jpg 2000w, https:\/\/www.ottoundmueller.de\/wp-content\/uploads\/2024\/08\/OM-Architekten_Buero_2-300x225.jpg 300w, https:\/\/www.ottoundmueller.de\/wp-content\/uploads\/2024\/08\/OM-Architekten_Buero_2-1024x768.jpg 1024w, https:\/\/www.ottoundmueller.de\/wp-content\/uploads\/2024\/08\/OM-Architekten_Buero_2-768x576.jpg 768w, https:\/\/www.ottoundmueller.de\/wp-content\/uploads\/2024\/08\/OM-Architekten_Buero_2-1536x1152.jpg 1536w, https:\/\/www.ottoundmueller.de\/wp-content\/uploads\/2024\/08\/OM-Architekten_Buero_2-16x12.jpg 16w\" sizes=\"auto, (max-width: 2000px) 100vw, 2000px\" \/><\/figure>\n\n<\/div><\/div>\n\n<div class=\"gb-grid-column gb-grid-column-c0b4deac\"><div class=\"gb-container gb-container-c0b4deac\">\n\n<h2 class=\"gb-headline gb-headline-fd0f30ae gb-headline-text\">Unsere Leistungen<\/h2>\n\n\n\n<p>Wir verf\u00fcgen \u00fcber Erfahrung und Kompetenz in allen Leistungsphasen der HOAI von der Studie \u00fcber die Planung bis hin zur Realisierung.&nbsp;<br>Unser Portfolio erstreckt sich \u00fcber Projekte&nbsp;<\/p>\n\n\n<div class=\"gb-container gb-container-9f5233bc liste-mit-pfeil\">\n\n<ul class=\"wp-block-list liste-mit-pfeil\">\n<li>im \u00f6ffentlichen Bau, mit Schulen, Sportbauten, &nbsp;<\/li>\n\n\n\n<li>Bauten f\u00fcr die Kirche und andere<\/li>\n\n\n\n<li>im Wohnungsbau und<\/li>\n\n\n\n<li>im Gewerbebau\/ Logistik- und Verwaltungsbau<\/li>\n<\/ul>\n\n<\/div>\n\n\n<p>Zu unserem Leistungsspektrum geh\u00f6ren auch&nbsp;<\/p>\n\n\n<div class=\"gb-container gb-container-03a77729 liste-mit-pfeil\">\n\n<ul class=\"wp-block-list\">\n<li>Generalplanung<\/li>\n\n\n\n<li>Machbarkeitsstudien<\/li>\n\n\n\n<li>Nutzungs- und Bebauungskonzeptionen<\/li>\n\n\n\n<li>st\u00e4dtebauliche Studien und Konzeptionen<\/li>\n<\/ul>\n\n<\/div>\n\n\n<p class=\"gb-headline gb-headline-a98d0de0 gb-headline-text\">F\u00fcr Komplexe Bauaufgaben arbeiten wir als Architekten in Kooperation mit Tragwerks- und Haustechnikplanern sowie Landschaftsarchitekten.&nbsp;<\/p>\n\n<\/div><\/div>\n<\/div>\n<\/div>\n\n<div class=\"gb-container gb-container-96a94fef\">\n<div class=\"gb-grid-wrapper gb-grid-wrapper-bf9c890b\">\n<div class=\"gb-grid-column gb-grid-column-0c5d9c15\"><div class=\"gb-container gb-container-0c5d9c15\">\n\n<h2 class=\"gb-headline gb-headline-47c2eaea gb-headline-text\">DIN \u2013 gepr\u00fcfter Planer f\u00fcr Barrierefreies Bauen<\/h2>\n\n\n\n<p class=\"gb-headline gb-headline-a10e1d26 gb-headline-text\">Wir sind der \u00dcberzeugung, dass der Zugang und die Nutzung von Geb\u00e4uden und Freianlagen allen Menschen gleicherma\u00dfen leicht zug\u00e4nglich sein sollte, unabh\u00e4ngig von ihren jeweiligen individuellen Besonderheiten.&nbsp;<br>O+M Architekten bieten die Leistung zur Planung der Barrierefreiheit DIN-gepr\u00fcft im eigenen Haus an.<\/p>\n\n<\/div><\/div>\n\n<div class=\"gb-grid-column gb-grid-column-4d9fccb3\"><div class=\"gb-container gb-container-4d9fccb3\">\n\n<h2 class=\"gb-headline gb-headline-83a158da gb-headline-text\">BIM \u2013 Building Information Modelling<\/h2>\n\n\n\n<p class=\"gb-headline gb-headline-a5af2089 gb-headline-text\">O+M Architekten sind BIM \u2013 zertifiziert nach building SMART.<br>Im Rahmen unserer BIM B\u00fcro-Strategie hat O+M Architekten eine BIM-Koordinatorin eingef\u00fchrt und diese jetzt auch durch building SMART zertifizieren lassen.<br>Mit unserem Know How stehen wir unseren Planungspartnern und Auftraggebern als Partner bei BIM Projekten zur Verf\u00fcgung.<\/p>\n\n<\/div><\/div>\n\n<div class=\"gb-grid-column gb-grid-column-5b3e15cd\"><div class=\"gb-container gb-container-5b3e15cd\">\n\n<h2 class=\"gb-headline gb-headline-40ce94e8 gb-headline-text\">Preisrichter- und Juryt\u00e4tigkeit<\/h2>\n\n\n\n<p class=\"gb-headline gb-headline-4bc04cbd gb-headline-text\">Regelm\u00e4\u00dfige Mitwirkung an Wettbewerbsverfahren als Fachpreisrichter durch die B\u00fcroinhaber.<br>Fachpreisrichter u.a. am RPW-Wettbewerb Erlebniszentrum Perlmutter in Adorf, Realisierungswettbewerb Kemmler-Oberschule in Plauen und beim Gutachterverfahren zum Wohnungsneubau in Dresden-L\u00f6btau.<\/p>\n\n<\/div><\/div>\n<\/div>\n<\/div>","protected":false},"excerpt":{"rendered":"","protected":false},"author":1,"featured_media":0,"parent":0,"menu_order":10,"comment_status":"closed","ping_status":"closed","template":"","meta":{"_acf_changed":false,"footnotes":""},"class_list":["post-7581","page","type-page","status-publish"],"acf":[],"yoast_head":"<!-- This site is optimized with the Yoast SEO plugin v27.4 - https:\/\/yoast.com\/product\/yoast-seo-wordpress\/ -->\n<title>Leistungen - O+M Architekten<\/title>\n<meta name=\"robots\" content=\"index, follow, max-snippet:-1, max-image-preview:large, max-video-preview:-1\" \/>\n<link rel=\"canonical\" href=\"https:\/\/www.ottoundmueller.de\/en\/leistungen\/\" \/>\n<meta property=\"og:locale\" content=\"en_GB\" \/>\n<meta property=\"og:type\" content=\"article\" \/>\n<meta property=\"og:title\" content=\"Leistungen - O+M Architekten\" \/>\n<meta property=\"og:url\" content=\"https:\/\/www.ottoundmueller.de\/en\/leistungen\/\" \/>\n<meta property=\"og:site_name\" content=\"O+M Architekten\" \/>\n<meta property=\"article:modified_time\" content=\"2024-08-15T16:29:36+00:00\" \/>\n<meta property=\"og:image\" content=\"https:\/\/www.ottoundmueller.de\/wp-content\/uploads\/2024\/08\/OM-Architekten_Buero_2.jpg\" \/>\n<meta name=\"twitter:card\" content=\"summary_large_image\" \/>\n<meta name=\"twitter:label1\" content=\"Estimated reading time\" \/>\n\t<meta name=\"twitter:data1\" content=\"2 minutes\" \/>\n<script type=\"application\/ld+json\" class=\"yoast-schema-graph\">{\"@context\":\"https:\\\/\\\/schema.org\",\"@graph\":[{\"@type\":\"WebPage\",\"@id\":\"https:\\\/\\\/www.ottoundmueller.de\\\/leistungen\\\/\",\"url\":\"https:\\\/\\\/www.ottoundmueller.de\\\/leistungen\\\/\",\"name\":\"Leistungen - O+M Architekten\",\"isPartOf\":{\"@id\":\"https:\\\/\\\/www.ottoundmueller.de\\\/#website\"},\"primaryImageOfPage\":{\"@id\":\"https:\\\/\\\/www.ottoundmueller.de\\\/leistungen\\\/#primaryimage\"},\"image\":{\"@id\":\"https:\\\/\\\/www.ottoundmueller.de\\\/leistungen\\\/#primaryimage\"},\"thumbnailUrl\":\"https:\\\/\\\/www.ottoundmueller.de\\\/wp-content\\\/uploads\\\/2024\\\/08\\\/OM-Architekten_Buero_2.jpg\",\"datePublished\":\"2024-03-09T14:17:16+00:00\",\"dateModified\":\"2024-08-15T16:29:36+00:00\",\"breadcrumb\":{\"@id\":\"https:\\\/\\\/www.ottoundmueller.de\\\/leistungen\\\/#breadcrumb\"},\"inLanguage\":\"en-GB\",\"potentialAction\":[{\"@type\":\"ReadAction\",\"target\":[\"https:\\\/\\\/www.ottoundmueller.de\\\/leistungen\\\/\"]}]},{\"@type\":\"ImageObject\",\"inLanguage\":\"en-GB\",\"@id\":\"https:\\\/\\\/www.ottoundmueller.de\\\/leistungen\\\/#primaryimage\",\"url\":\"https:\\\/\\\/www.ottoundmueller.de\\\/wp-content\\\/uploads\\\/2024\\\/08\\\/OM-Architekten_Buero_2.jpg\",\"contentUrl\":\"https:\\\/\\\/www.ottoundmueller.de\\\/wp-content\\\/uploads\\\/2024\\\/08\\\/OM-Architekten_Buero_2.jpg\"},{\"@type\":\"BreadcrumbList\",\"@id\":\"https:\\\/\\\/www.ottoundmueller.de\\\/leistungen\\\/#breadcrumb\",\"itemListElement\":[{\"@type\":\"ListItem\",\"position\":1,\"name\":\"Startseite\",\"item\":\"https:\\\/\\\/www.ottoundmueller.de\\\/\"},{\"@type\":\"ListItem\",\"position\":2,\"name\":\"Leistungen\"}]},{\"@type\":\"WebSite\",\"@id\":\"https:\\\/\\\/www.ottoundmueller.de\\\/#website\",\"url\":\"https:\\\/\\\/www.ottoundmueller.de\\\/\",\"name\":\"O+M Architekten\",\"description\":\"Architekturb\u00fcro in Dresden\",\"publisher\":{\"@id\":\"https:\\\/\\\/www.ottoundmueller.de\\\/#organization\"},\"potentialAction\":[{\"@type\":\"SearchAction\",\"target\":{\"@type\":\"EntryPoint\",\"urlTemplate\":\"https:\\\/\\\/www.ottoundmueller.de\\\/?s={search_term_string}\"},\"query-input\":{\"@type\":\"PropertyValueSpecification\",\"valueRequired\":true,\"valueName\":\"search_term_string\"}}],\"inLanguage\":\"en-GB\"},{\"@type\":\"Organization\",\"@id\":\"https:\\\/\\\/www.ottoundmueller.de\\\/#organization\",\"name\":\"O+M Architekten\",\"alternateName\":\"O+M\",\"url\":\"https:\\\/\\\/www.ottoundmueller.de\\\/\",\"logo\":{\"@type\":\"ImageObject\",\"inLanguage\":\"en-GB\",\"@id\":\"https:\\\/\\\/www.ottoundmueller.de\\\/#\\\/schema\\\/logo\\\/image\\\/\",\"url\":\"https:\\\/\\\/www.ottoundmueller.de\\\/wp-content\\\/uploads\\\/2024\\\/06\\\/OM-Logo-2025.jpg\",\"contentUrl\":\"https:\\\/\\\/www.ottoundmueller.de\\\/wp-content\\\/uploads\\\/2024\\\/06\\\/OM-Logo-2025.jpg\",\"width\":2000,\"height\":911,\"caption\":\"O+M Architekten\"},\"image\":{\"@id\":\"https:\\\/\\\/www.ottoundmueller.de\\\/#\\\/schema\\\/logo\\\/image\\\/\"},\"sameAs\":[\"https:\\\/\\\/www.instagram.com\\\/ottoundmueller\\\/\"]}]}<\/script>\n<!-- \/ Yoast SEO plugin. -->","yoast_head_json":{"title":"Leistungen - O+M Architekten","robots":{"index":"index","follow":"follow","max-snippet":"max-snippet:-1","max-image-preview":"max-image-preview:large","max-video-preview":"max-video-preview:-1"},"canonical":"https:\/\/www.ottoundmueller.de\/en\/leistungen\/","og_locale":"en_GB","og_type":"article","og_title":"Leistungen - O+M Architekten","og_url":"https:\/\/www.ottoundmueller.de\/en\/leistungen\/","og_site_name":"O+M Architekten","article_modified_time":"2024-08-15T16:29:36+00:00","og_image":[{"url":"https:\/\/www.ottoundmueller.de\/wp-content\/uploads\/2024\/08\/OM-Architekten_Buero_2.jpg","type":"","width":"","height":""}],"twitter_card":"summary_large_image","twitter_misc":{"Estimated reading time":"2 minutes"},"schema":{"@context":"https:\/\/schema.org","@graph":[{"@type":"WebPage","@id":"https:\/\/www.ottoundmueller.de\/leistungen\/","url":"https:\/\/www.ottoundmueller.de\/leistungen\/","name":"Leistungen - O+M Architekten","isPartOf":{"@id":"https:\/\/www.ottoundmueller.de\/#website"},"primaryImageOfPage":{"@id":"https:\/\/www.ottoundmueller.de\/leistungen\/#primaryimage"},"image":{"@id":"https:\/\/www.ottoundmueller.de\/leistungen\/#primaryimage"},"thumbnailUrl":"https:\/\/www.ottoundmueller.de\/wp-content\/uploads\/2024\/08\/OM-Architekten_Buero_2.jpg","datePublished":"2024-03-09T14:17:16+00:00","dateModified":"2024-08-15T16:29:36+00:00","breadcrumb":{"@id":"https:\/\/www.ottoundmueller.de\/leistungen\/#breadcrumb"},"inLanguage":"en-GB","potentialAction":[{"@type":"ReadAction","target":["https:\/\/www.ottoundmueller.de\/leistungen\/"]}]},{"@type":"ImageObject","inLanguage":"en-GB","@id":"https:\/\/www.ottoundmueller.de\/leistungen\/#primaryimage","url":"https:\/\/www.ottoundmueller.de\/wp-content\/uploads\/2024\/08\/OM-Architekten_Buero_2.jpg","contentUrl":"https:\/\/www.ottoundmueller.de\/wp-content\/uploads\/2024\/08\/OM-Architekten_Buero_2.jpg"},{"@type":"BreadcrumbList","@id":"https:\/\/www.ottoundmueller.de\/leistungen\/#breadcrumb","itemListElement":[{"@type":"ListItem","position":1,"name":"Startseite","item":"https:\/\/www.ottoundmueller.de\/"},{"@type":"ListItem","position":2,"name":"Leistungen"}]},{"@type":"WebSite","@id":"https:\/\/www.ottoundmueller.de\/#website","url":"https:\/\/www.ottoundmueller.de\/","name":"O+M Architekten","description":"Architekturb\u00fcro in Dresden","publisher":{"@id":"https:\/\/www.ottoundmueller.de\/#organization"},"potentialAction":[{"@type":"SearchAction","target":{"@type":"EntryPoint","urlTemplate":"https:\/\/www.ottoundmueller.de\/?s={search_term_string}"},"query-input":{"@type":"PropertyValueSpecification","valueRequired":true,"valueName":"search_term_string"}}],"inLanguage":"en-GB"},{"@type":"Organization","@id":"https:\/\/www.ottoundmueller.de\/#organization","name":"O+M Architekten","alternateName":"O+M","url":"https:\/\/www.ottoundmueller.de\/","logo":{"@type":"ImageObject","inLanguage":"en-GB","@id":"https:\/\/www.ottoundmueller.de\/#\/schema\/logo\/image\/","url":"https:\/\/www.ottoundmueller.de\/wp-content\/uploads\/2024\/06\/OM-Logo-2025.jpg","contentUrl":"https:\/\/www.ottoundmueller.de\/wp-content\/uploads\/2024\/06\/OM-Logo-2025.jpg","width":2000,"height":911,"caption":"O+M Architekten"},"image":{"@id":"https:\/\/www.ottoundmueller.de\/#\/schema\/logo\/image\/"},"sameAs":["https:\/\/www.instagram.com\/ottoundmueller\/"]}]}},"_links":{"self":[{"href":"https:\/\/www.ottoundmueller.de\/en\/wp-json\/wp\/v2\/pages\/7581","targetHints":{"allow":["GET"]}}],"collection":[{"href":"https:\/\/www.ottoundmueller.de\/en\/wp-json\/wp\/v2\/pages"}],"about":[{"href":"https:\/\/www.ottoundmueller.de\/en\/wp-json\/wp\/v2\/types\/page"}],"author":[{"embeddable":true,"href":"https:\/\/www.ottoundmueller.de\/en\/wp-json\/wp\/v2\/users\/1"}],"replies":[{"embeddable":true,"href":"https:\/\/www.ottoundmueller.de\/en\/wp-json\/wp\/v2\/comments?post=7581"}],"version-history":[{"count":2,"href":"https:\/\/www.ottoundmueller.de\/en\/wp-json\/wp\/v2\/pages\/7581\/revisions"}],"predecessor-version":[{"id":13416,"href":"https:\/\/www.ottoundmueller.de\/en\/wp-json\/wp\/v2\/pages\/7581\/revisions\/13416"}],"wp:attachment":[{"href":"https:\/\/www.ottoundmueller.de\/en\/wp-json\/wp\/v2\/media?parent=7581"}],"curies":[{"name":"wp","href":"https:\/\/api.w.org\/{rel}","templated":true}]}}